{"id":38,"date":"2025-10-03T11:27:25","date_gmt":"2025-10-03T11:27:25","guid":{"rendered":"https:\/\/katerkoning-mijndomein.co.nl\/?page_id=38"},"modified":"2025-10-17T12:02:48","modified_gmt":"2025-10-17T12:02:48","slug":"katertips","status":"publish","type":"page","link":"https:\/\/katerkoning-mijndomein.co.nl\/?page_id=38","title":{"rendered":"Katertips"},"content":{"rendered":"\n<div class=\"wp-block-group alignfull has-background-background-color has-background has-global-padding is-layout-constrained wp-container-core-group-is-layout-9b19db8b wp-block-group-is-layout-constrained\" style=\"margin-top:0;margin-bottom:0;padding-top:var(--wp--preset--spacing--60);padding-right:var(--wp--preset--spacing--30);padding-bottom:var(--wp--preset--spacing--60);padding-left:var(--wp--preset--spacing--30)\">\n<div class=\"wp-block-group is-content-justification-center is-nowrap is-layout-flex wp-container-core-group-is-layout-f2b46e8c wp-block-group-is-layout-flex wp-container-1 is-position-sticky\" style=\"margin-bottom:-64px\">\n<div class=\"wp-block-group has-border-color has-primary-border-color has-tertiary-background-color has-background wp-container-content-3cb39bf3 is-content-justification-center is-nowrap is-layout-flex wp-container-core-group-is-layout-cf138b5d wp-block-group-is-layout-flex\" style=\"border-width:6px;border-radius:100px;min-height:128px;padding-top:var(--wp--preset--spacing--20);padding-right:var(--wp--preset--spacing--20);padding-bottom:var(--wp--preset--spacing--20);padding-left:var(--wp--preset--spacing--20)\">\n<figure class=\"wp-block-image\"><img decoding=\"async\" src=\"https:\/\/www.shirtnetwork.de\/out\/pictures\/master\/product\/1\/krone-3.png\" alt=\"Coroa desenhada \u00e0 m\u00e3o ilustra\u00e7\u00e3o de p\u00e1gina para colorir kawaii | Vetor ...\"\/><\/figure>\n<\/div>\n<\/div>\n\n\n\n<div class=\"wp-block-group has-tertiary-background-color has-background has-global-padding is-layout-constrained wp-container-core-group-is-layout-0bec9cbd wp-block-group-is-layout-constrained\" style=\"border-radius:4px;padding-top:96px;padding-right:var(--wp--preset--spacing--40);padding-bottom:64px;padding-left:var(--wp--preset--spacing--40)\">\n<h2 class=\"wp-block-heading has-text-align-center has-large-font-size\"><strong>Hoe overleef je een kater? \ud83d\udc51<\/strong><\/h2>\n\n\n\n<p class=\"has-text-align-center\" style=\"margin-top:16px\">Je kent het wel: de avond was legendarisch, maar de ochtend erna&#8230; iets minder koninklijk. Je wordt wakker met een hoofd dat bonkt als een technofeest en een mond zo droog als de Sahara. Geen paniek \u2014 de Kater Koning heeft tips om je troon weer te heroveren.<\/p>\n\n\n\n<p class=\"has-text-align-center\">Begin met <strong>water<\/strong>. Veel water. Alcohol droogt je uit, dus vul je reserves meteen aan. Een glas water met een snufje zout of een sportdrank helpt je lichaam sneller herstellen. Daarna: <strong>eten!<\/strong> Kies iets hartigs zoals een tosti, soepje of wat chips \u2014 zout en vet vullen je energievoorraad aan.<\/p>\n\n\n\n<p class=\"has-text-align-center\">Een <strong>paracetamolletje<\/strong> kan helpen tegen die dreunende hoofdpijn, maar slik het niet op een lege maag. En als je dapper genoeg bent: stap even naar buiten. Een frisse neus en wat zonlicht doen wonderen voor je stemming \u00e9n je herstel.<\/p>\n\n\n\n<p class=\"has-text-align-center\">Vermijd de fabel van het \u201cherstelbiertje\u201d \u2014 dat verlengt je kater alleen maar. Liever een warme douche, schone kleren en misschien een powernap van 20 minuten.<\/p>\n\n\n\n<p class=\"has-text-align-center\" style=\"margin-top:16px\">En mocht alles echt hopeloos lijken: open je <strong>Kater Koning-kit<\/strong>. Met een beetje zout, suiker, cafe\u00efne en liefde ben je in no time weer de koning(in) van de dag. \ud83d\udc51<\/p>\n<\/div>\n<\/div>\n","protected":false},"excerpt":{"rendered":"<p>Hoe overleef je een kater? \ud83d\udc51 Je kent het wel: de avond was legendarisch, maar de ochtend erna&#8230; iets minder koninklijk. Je wordt wakker met een hoofd dat bonkt als een technofeest en een mond zo droog als de Sahara. Geen paniek \u2014 de Kater Koning heeft tips om je troon weer te heroveren. Begin [&hellip;]<\/p>\n","protected":false},"author":1,"featured_media":0,"parent":0,"menu_order":0,"comment_status":"closed","ping_status":"closed","template":"","meta":{"footnotes":""},"class_list":["post-38","page","type-page","status-publish","hentry"],"post_meta_fields":{"_edit_lock":["1760702569:1"],"_edit_last":["1"],"_yoast_wpseo_content_score":["90"],"_yoast_wpseo_estimated-reading-time-minutes":["2"]},"yoast_head":"<!-- This site is optimized with the Yoast SEO plugin v26.0 - https:\/\/yoast.com\/wordpress\/plugins\/seo\/ -->\n<title>Katertips - Oneindigheid berekenen<\/title>\n<meta name=\"robots\" content=\"noindex, follow, max-snippet:-1, max-image-preview:large, max-video-preview:-1\" \/>\n<meta property=\"og:locale\" content=\"nl_NL\" \/>\n<meta property=\"og:type\" content=\"article\" \/>\n<meta property=\"og:title\" content=\"Katertips - Oneindigheid berekenen\" \/>\n<meta property=\"og:description\" content=\"Hoe overleef je een kater? \ud83d\udc51 Je kent het wel: de avond was legendarisch, maar de ochtend erna&#8230; iets minder koninklijk. Je wordt wakker met een hoofd dat bonkt als een technofeest en een mond zo droog als de Sahara. Geen paniek \u2014 de Kater Koning heeft tips om je troon weer te heroveren. Begin [&hellip;]\" \/>\n<meta property=\"og:url\" content=\"https:\/\/katerkoning-mijndomein.co.nl\/?page_id=38\" \/>\n<meta property=\"og:site_name\" content=\"Oneindigheid berekenen\" \/>\n<meta property=\"article:modified_time\" content=\"2025-10-17T12:02:48+00:00\" \/>\n<meta property=\"og:image\" content=\"https:\/\/www.shirtnetwork.de\/out\/pictures\/master\/product\/1\/krone-3.png\" \/>\n<meta name=\"twitter:card\" content=\"summary_large_image\" \/>\n<meta name=\"twitter:label1\" content=\"Geschatte leestijd\" \/>\n\t<meta name=\"twitter:data1\" content=\"2 minuten\" \/>\n<script type=\"application\/ld+json\" class=\"yoast-schema-graph\">{\"@context\":\"https:\/\/schema.org\",\"@graph\":[{\"@type\":\"WebPage\",\"@id\":\"https:\/\/katerkoning-mijndomein.co.nl\/?page_id=38\",\"url\":\"https:\/\/katerkoning-mijndomein.co.nl\/?page_id=38\",\"name\":\"Katertips - Oneindigheid berekenen\",\"isPartOf\":{\"@id\":\"https:\/\/katerkoning-mijndomein.co.nl\/#website\"},\"primaryImageOfPage\":{\"@id\":\"https:\/\/katerkoning-mijndomein.co.nl\/?page_id=38#primaryimage\"},\"image\":{\"@id\":\"https:\/\/katerkoning-mijndomein.co.nl\/?page_id=38#primaryimage\"},\"thumbnailUrl\":\"https:\/\/www.shirtnetwork.de\/out\/pictures\/master\/product\/1\/krone-3.png\",\"datePublished\":\"2025-10-03T11:27:25+00:00\",\"dateModified\":\"2025-10-17T12:02:48+00:00\",\"breadcrumb\":{\"@id\":\"https:\/\/katerkoning-mijndomein.co.nl\/?page_id=38#breadcrumb\"},\"inLanguage\":\"nl-NL\",\"potentialAction\":[{\"@type\":\"ReadAction\",\"target\":[\"https:\/\/katerkoning-mijndomein.co.nl\/?page_id=38\"]}]},{\"@type\":\"ImageObject\",\"inLanguage\":\"nl-NL\",\"@id\":\"https:\/\/katerkoning-mijndomein.co.nl\/?page_id=38#primaryimage\",\"url\":\"https:\/\/www.shirtnetwork.de\/out\/pictures\/master\/product\/1\/krone-3.png\",\"contentUrl\":\"https:\/\/www.shirtnetwork.de\/out\/pictures\/master\/product\/1\/krone-3.png\"},{\"@type\":\"BreadcrumbList\",\"@id\":\"https:\/\/katerkoning-mijndomein.co.nl\/?page_id=38#breadcrumb\",\"itemListElement\":[{\"@type\":\"ListItem\",\"position\":1,\"name\":\"Home\",\"item\":\"https:\/\/katerkoning-mijndomein.co.nl\/\"},{\"@type\":\"ListItem\",\"position\":2,\"name\":\"Katertips\"}]},{\"@type\":\"WebSite\",\"@id\":\"https:\/\/katerkoning-mijndomein.co.nl\/#website\",\"url\":\"https:\/\/katerkoning-mijndomein.co.nl\/\",\"name\":\"Oneindigheid berekenen\",\"description\":\"\",\"potentialAction\":[{\"@type\":\"SearchAction\",\"target\":{\"@type\":\"EntryPoint\",\"urlTemplate\":\"https:\/\/katerkoning-mijndomein.co.nl\/?s={search_term_string}\"},\"query-input\":{\"@type\":\"PropertyValueSpecification\",\"valueRequired\":true,\"valueName\":\"search_term_string\"}}],\"inLanguage\":\"nl-NL\"}]}<\/script>\n<!-- \/ Yoast SEO plugin. -->","yoast_head_json":{"title":"Katertips - Oneindigheid berekenen","robots":{"index":"noindex","follow":"follow","max-snippet":"max-snippet:-1","max-image-preview":"max-image-preview:large","max-video-preview":"max-video-preview:-1"},"og_locale":"nl_NL","og_type":"article","og_title":"Katertips - Oneindigheid berekenen","og_description":"Hoe overleef je een kater? \ud83d\udc51 Je kent het wel: de avond was legendarisch, maar de ochtend erna&#8230; iets minder koninklijk. Je wordt wakker met een hoofd dat bonkt als een technofeest en een mond zo droog als de Sahara. Geen paniek \u2014 de Kater Koning heeft tips om je troon weer te heroveren. Begin [&hellip;]","og_url":"https:\/\/katerkoning-mijndomein.co.nl\/?page_id=38","og_site_name":"Oneindigheid berekenen","article_modified_time":"2025-10-17T12:02:48+00:00","og_image":[{"url":"https:\/\/www.shirtnetwork.de\/out\/pictures\/master\/product\/1\/krone-3.png","type":"","width":"","height":""}],"twitter_card":"summary_large_image","twitter_misc":{"Geschatte leestijd":"2 minuten"},"schema":{"@context":"https:\/\/schema.org","@graph":[{"@type":"WebPage","@id":"https:\/\/katerkoning-mijndomein.co.nl\/?page_id=38","url":"https:\/\/katerkoning-mijndomein.co.nl\/?page_id=38","name":"Katertips - Oneindigheid berekenen","isPartOf":{"@id":"https:\/\/katerkoning-mijndomein.co.nl\/#website"},"primaryImageOfPage":{"@id":"https:\/\/katerkoning-mijndomein.co.nl\/?page_id=38#primaryimage"},"image":{"@id":"https:\/\/katerkoning-mijndomein.co.nl\/?page_id=38#primaryimage"},"thumbnailUrl":"https:\/\/www.shirtnetwork.de\/out\/pictures\/master\/product\/1\/krone-3.png","datePublished":"2025-10-03T11:27:25+00:00","dateModified":"2025-10-17T12:02:48+00:00","breadcrumb":{"@id":"https:\/\/katerkoning-mijndomein.co.nl\/?page_id=38#breadcrumb"},"inLanguage":"nl-NL","potentialAction":[{"@type":"ReadAction","target":["https:\/\/katerkoning-mijndomein.co.nl\/?page_id=38"]}]},{"@type":"ImageObject","inLanguage":"nl-NL","@id":"https:\/\/katerkoning-mijndomein.co.nl\/?page_id=38#primaryimage","url":"https:\/\/www.shirtnetwork.de\/out\/pictures\/master\/product\/1\/krone-3.png","contentUrl":"https:\/\/www.shirtnetwork.de\/out\/pictures\/master\/product\/1\/krone-3.png"},{"@type":"BreadcrumbList","@id":"https:\/\/katerkoning-mijndomein.co.nl\/?page_id=38#breadcrumb","itemListElement":[{"@type":"ListItem","position":1,"name":"Home","item":"https:\/\/katerkoning-mijndomein.co.nl\/"},{"@type":"ListItem","position":2,"name":"Katertips"}]},{"@type":"WebSite","@id":"https:\/\/katerkoning-mijndomein.co.nl\/#website","url":"https:\/\/katerkoning-mijndomein.co.nl\/","name":"Oneindigheid berekenen","description":"","potentialAction":[{"@type":"SearchAction","target":{"@type":"EntryPoint","urlTemplate":"https:\/\/katerkoning-mijndomein.co.nl\/?s={search_term_string}"},"query-input":{"@type":"PropertyValueSpecification","valueRequired":true,"valueName":"search_term_string"}}],"inLanguage":"nl-NL"}]}},"_links":{"self":[{"href":"https:\/\/katerkoning-mijndomein.co.nl\/index.php?rest_route=\/wp\/v2\/pages\/38","targetHints":{"allow":["GET"]}}],"collection":[{"href":"https:\/\/katerkoning-mijndomein.co.nl\/index.php?rest_route=\/wp\/v2\/pages"}],"about":[{"href":"https:\/\/katerkoning-mijndomein.co.nl\/index.php?rest_route=\/wp\/v2\/types\/page"}],"author":[{"embeddable":true,"href":"https:\/\/katerkoning-mijndomein.co.nl\/index.php?rest_route=\/wp\/v2\/users\/1"}],"replies":[{"embeddable":true,"href":"https:\/\/katerkoning-mijndomein.co.nl\/index.php?rest_route=%2Fwp%2Fv2%2Fcomments&post=38"}],"version-history":[{"count":2,"href":"https:\/\/katerkoning-mijndomein.co.nl\/index.php?rest_route=\/wp\/v2\/pages\/38\/revisions"}],"predecessor-version":[{"id":90,"href":"https:\/\/katerkoning-mijndomein.co.nl\/index.php?rest_route=\/wp\/v2\/pages\/38\/revisions\/90"}],"wp:attachment":[{"href":"https:\/\/katerkoning-mijndomein.co.nl\/index.php?rest_route=%2Fwp%2Fv2%2Fmedia&parent=38"}],"curies":[{"name":"wp","href":"https:\/\/api.w.org\/{rel}","templated":true}]}}